{"id":1749,"date":"2016-02-24T10:56:09","date_gmt":"2016-02-24T10:56:09","guid":{"rendered":"http:\/\/sktthemesdemo.net\/complete\/?page_id=1749"},"modified":"2022-04-16T10:55:53","modified_gmt":"2022-04-16T10:55:53","slug":"services","status":"publish","type":"page","link":"https:\/\/mak-sivac-mermeri.com\/index.php\/services\/","title":{"rendered":"USLUGE"},"content":{"rendered":"\t\t<div data-elementor-type=\"wp-page\" data-elementor-id=\"1749\" class=\"elementor elementor-1749\">\n\t\t\t\t\t\t\t\t\t<section class=\"elementor-section elementor-top-section elementor-element elementor-element-f48fa99 elementor-section-boxed elementor-section-height-default elementor-section-height-default\" data-id=\"f48fa99\" data-element_type=\"section\" data-settings=\"{&quot;background_background&quot;:&quot;classic&quot;}\">\n\t\t\t\t\t\t<div class=\"elementor-container elementor-column-gap-default\">\n\t\t\t\t\t<div class=\"elementor-column elementor-col-100 elementor-top-column elementor-element elementor-element-48369414\" data-id=\"48369414\" data-element_type=\"column\">\n\t\t\t<div class=\"elementor-widget-wrap elementor-element-populated\">\n\t\t\t\t\t\t\t\t<section class=\"elementor-section elementor-inner-section elementor-element elementor-element-3169d910 elementor-section-boxed elementor-section-height-default elementor-section-height-default\" data-id=\"3169d910\" data-element_type=\"section\">\n\t\t\t\t\t\t<div class=\"elementor-container elementor-column-gap-default\">\n\t\t\t\t\t<div class=\"elementor-column elementor-col-100 elementor-inner-column elementor-element elementor-element-677fc37a\" data-id=\"677fc37a\" data-element_type=\"column\">\n\t\t\t<div class=\"elementor-widget-wrap elementor-element-populated\">\n\t\t\t\t\t\t\t\t<div class=\"elementor-element elementor-element-47e7080f animated-slow elementor-invisible elementor-widget elementor-widget-heading\" data-id=\"47e7080f\" data-element_type=\"widget\" data-settings=\"{&quot;_animation&quot;:&quot;fadeInDown&quot;}\" data-widget_type=\"heading.default\">\n\t\t\t\t<div class=\"elementor-widget-container\">\n\t\t\t<style>\/*! elementor - v3.15.0 - 20-08-2023 *\/\n.elementor-heading-title{padding:0;margin:0;line-height:1}.elementor-widget-heading .elementor-heading-title[class*=elementor-size-]>a{color:inherit;font-size:inherit;line-height:inherit}.elementor-widget-heading .elementor-heading-title.elementor-size-small{font-size:15px}.elementor-widget-heading .elementor-heading-title.elementor-size-medium{font-size:19px}.elementor-widget-heading .elementor-heading-title.elementor-size-large{font-size:29px}.elementor-widget-heading .elementor-heading-title.elementor-size-xl{font-size:39px}.elementor-widget-heading .elementor-heading-title.elementor-size-xxl{font-size:59px}<\/style><h2 class=\"elementor-heading-title elementor-size-default\">PROIZVODI OD MERMERA<\/h2>\t\t<\/div>\n\t\t\t\t<\/div>\n\t\t\t\t\t<\/div>\n\t\t<\/div>\n\t\t\t\t\t\t\t<\/div>\n\t\t<\/section>\n\t\t\t\t<section class=\"elementor-section elementor-inner-section elementor-element elementor-element-508fda0e elementor-section-boxed elementor-section-height-default elementor-section-height-default\" data-id=\"508fda0e\" data-element_type=\"section\">\n\t\t\t\t\t\t<div class=\"elementor-container elementor-column-gap-default\">\n\t\t\t\t\t<div class=\"elementor-column elementor-col-33 elementor-inner-column elementor-element elementor-element-5aadc24a animated-slow elementor-invisible\" data-id=\"5aadc24a\" data-element_type=\"column\" data-settings=\"{&quot;animation&quot;:&quot;fadeInLeft&quot;}\">\n\t\t\t<div class=\"elementor-widget-wrap elementor-element-populated\">\n\t\t\t\t\t\t\t\t<div class=\"elementor-element elementor-element-4cc1dca6 elementor-position-top elementor-widget elementor-widget-image-box\" data-id=\"4cc1dca6\" data-element_type=\"widget\" id=\"we_do_box\" data-widget_type=\"image-box.default\">\n\t\t\t\t<div class=\"elementor-widget-container\">\n\t\t\t<style>\/*! elementor - v3.15.0 - 20-08-2023 *\/\n.elementor-widget-image-box .elementor-image-box-content{width:100%}@media (min-width:768px){.elementor-widget-image-box.elementor-position-left .elementor-image-box-wrapper,.elementor-widget-image-box.elementor-position-right .elementor-image-box-wrapper{display:flex}.elementor-widget-image-box.elementor-position-right .elementor-image-box-wrapper{text-align:right;flex-direction:row-reverse}.elementor-widget-image-box.elementor-position-left .elementor-image-box-wrapper{text-align:left;flex-direction:row}.elementor-widget-image-box.elementor-position-top .elementor-image-box-img{margin:auto}.elementor-widget-image-box.elementor-vertical-align-top .elementor-image-box-wrapper{align-items:flex-start}.elementor-widget-image-box.elementor-vertical-align-middle .elementor-image-box-wrapper{align-items:center}.elementor-widget-image-box.elementor-vertical-align-bottom .elementor-image-box-wrapper{align-items:flex-end}}@media (max-width:767px){.elementor-widget-image-box .elementor-image-box-img{margin-left:auto!important;margin-right:auto!important;margin-bottom:15px}}.elementor-widget-image-box .elementor-image-box-img{display:inline-block}.elementor-widget-image-box .elementor-image-box-title a{color:inherit}.elementor-widget-image-box .elementor-image-box-wrapper{text-align:center}.elementor-widget-image-box .elementor-image-box-description{margin:0}<\/style><div class=\"elementor-image-box-wrapper\"><figure class=\"elementor-image-box-img\"><a href=\"https:\/\/mak-sivac-mermeri.com\/index.php\/enterijer-2\/\"><img width=\"400\" height=\"270\" src=\"https:\/\/mak-sivac-mermeri.com\/wp-content\/uploads\/2022\/04\/IMG-5edcfb4a96be588cf4d79b4b7392fec7-V-400x270.jpg\" class=\"attachment-complete_thumb size-complete_thumb wp-image-4123\" alt=\"\" loading=\"lazy\" \/><\/a><\/figure><div class=\"elementor-image-box-content\"><h3 class=\"elementor-image-box-title\"><a href=\"https:\/\/mak-sivac-mermeri.com\/index.php\/enterijer-2\/\">ENTERIJER<\/a><\/h3><p class=\"elementor-image-box-description\">Podne obloge, stepeni\u0161ta, okapice, prozorske klupice, svE ra\u0111eno od mermera iz na\u0161e ponude, polirano i rezano po Va\u0161im dimenzijama, spremno za ugradnju. Jedan ili vi\u0161e stotina stanova, na\u0161 kapacitet rezanja nam omogu\u0107ava rezanje i obradu Vama potrebnih koli\u010dina<\/p><\/div><\/div>\t\t<\/div>\n\t\t\t\t<\/div>\n\t\t\t\t\t<\/div>\n\t\t<\/div>\n\t\t\t\t<div class=\"elementor-column elementor-col-33 elementor-inner-column elementor-element elementor-element-1c7b7e91 animated-slow elementor-invisible\" data-id=\"1c7b7e91\" data-element_type=\"column\" data-settings=\"{&quot;animation&quot;:&quot;fadeInUp&quot;}\">\n\t\t\t<div class=\"elementor-widget-wrap elementor-element-populated\">\n\t\t\t\t\t\t\t\t<div class=\"elementor-element elementor-element-79f5828d elementor-position-top elementor-widget elementor-widget-image-box\" data-id=\"79f5828d\" data-element_type=\"widget\" id=\"we_do_box\" data-widget_type=\"image-box.default\">\n\t\t\t\t<div class=\"elementor-widget-container\">\n\t\t\t<div class=\"elementor-image-box-wrapper\"><figure class=\"elementor-image-box-img\"><a href=\"https:\/\/mak-sivac-mermeri.com\/index.php\/eksterijer\/\"><img width=\"400\" height=\"270\" src=\"https:\/\/mak-sivac-mermeri.com\/wp-content\/uploads\/2022\/04\/IMG-65c2776c9cd3f8514dcd13d7a1f7051b-V-400x270.jpg\" class=\"attachment-complete_thumb size-complete_thumb wp-image-4137\" alt=\"\" loading=\"lazy\" \/><\/a><\/figure><div class=\"elementor-image-box-content\"><h3 class=\"elementor-image-box-title\"><a href=\"https:\/\/mak-sivac-mermeri.com\/index.php\/eksterijer\/\">EKSTERIJER<\/a><\/h3><p class=\"elementor-image-box-description\">Mermer je vje\u010dan. Postavite ga oko svoje ku\u0107e, zgrade... oblo\u017eite njime svoju fasadu... Primjene u ure\u0111enju eksterijera su bezbrojne, na vama je da odaberete vrstu mermera i dobijete je rezanu na \u017eeljene dimenzije.<\/p><\/div><\/div>\t\t<\/div>\n\t\t\t\t<\/div>\n\t\t\t\t\t<\/div>\n\t\t<\/div>\n\t\t\t\t<div class=\"elementor-column elementor-col-33 elementor-inner-column elementor-element elementor-element-ea2f454 animated-slow elementor-invisible\" data-id=\"ea2f454\" data-element_type=\"column\" data-settings=\"{&quot;animation&quot;:&quot;fadeInRight&quot;}\">\n\t\t\t<div class=\"elementor-widget-wrap elementor-element-populated\">\n\t\t\t\t\t\t\t\t<div class=\"elementor-element elementor-element-1fe24caf elementor-position-top elementor-widget elementor-widget-image-box\" data-id=\"1fe24caf\" data-element_type=\"widget\" id=\"we_do_box\" data-widget_type=\"image-box.default\">\n\t\t\t\t<div class=\"elementor-widget-container\">\n\t\t\t<div class=\"elementor-image-box-wrapper\"><figure class=\"elementor-image-box-img\"><a href=\"#\"><img width=\"400\" height=\"270\" src=\"https:\/\/mak-sivac-mermeri.com\/wp-content\/uploads\/2022\/04\/durso3-full-400x270.jpg\" class=\"attachment-complete_thumb size-complete_thumb wp-image-4155\" alt=\"\" loading=\"lazy\" \/><\/a><\/figure><div class=\"elementor-image-box-content\"><h3 class=\"elementor-image-box-title\"><a href=\"#\">poluprozvodi za kamenoresce<\/a><\/h3><p class=\"elementor-image-box-description\">Taslaci i talpe, sve za izraadu grobnica i nadgrobnih spomenika od makedoskog bijelog mermera ili kalcita. Standardne dimenzije imamo uvijek na stanju, a dimenzije po Va\u0161im \u017eeljama se naru\u010duju uz prethodnu potvrdu roka isporuke.<\/p><\/div><\/div>\t\t<\/div>\n\t\t\t\t<\/div>\n\t\t\t\t\t<\/div>\n\t\t<\/div>\n\t\t\t\t\t\t\t<\/div>\n\t\t<\/section>\n\t\t\t\t\t<\/div>\n\t\t<\/div>\n\t\t\t\t\t\t\t<\/div>\n\t\t<\/section>\n\t\t\t\t\t\t\t<\/div>\n\t\t    <!-- sktbuilder starter --><script type=\"text\/javascript\" src=\"https:\/\/mak-sivac-mermeri.com\/wp-content\/plugins\/skt-builder\/sktbuilder\/sktbuilder-frontend-starter.js\"><\/script><script type=\"text\/javascript\" src=\"https:\/\/mak-sivac-mermeri.com\/wp-content\/plugins\/skt-builder\/sktbuilder-wordpress-driver.js\"><\/script><script type=\"text\/javascript\"> var starter = new SktbuilderStarter({\"mode\": \"prod\", \"skip\":[\"jquery\",\"underscore\",\"backbone\"],\"sktbuilderUrl\": \"https:\/\/mak-sivac-mermeri.com\/wp-content\/plugins\/skt-builder\/sktbuilder\/\", \"driver\": new SktbuilderWordpressDriver({\"ajaxUrl\": \"https:\/\/mak-sivac-mermeri.com\/wp-admin\/admin-ajax.php\", \"iframeUrl\": \"https:\/\/mak-sivac-mermeri.com\/index.php\/services\/?sktbuilder=true\", \"pageId\": 1749, \"pages\": [], \"page\": \"USLUGE\" }) });<\/script><!-- end sktbuilder starter -->","protected":false},"excerpt":{"rendered":"<p>PROIZVODI OD MERMERA ENTERIJER Podne obloge, stepeni\u0161ta, okapice, prozorske klupice, svE ra\u0111eno od mermera iz na\u0161e ponude, polirano i rezano po Va\u0161im dimenzijama, spremno za ugradnju. Jedan ili vi\u0161e stotina stanova, na\u0161 kapacitet rezanja nam omogu\u0107ava rezanje i obradu Vama potrebnih koli\u010dina EKSTERIJER Mermer je vje\u010dan. Postavite ga oko svoje ku\u0107e, zgrade&#8230; oblo\u017eite njime svoju<br \/><a class=\"moretag\" href=\"https:\/\/mak-sivac-mermeri.com\/index.php\/services\/\">+ Read More<\/a><\/p>\n","protected":false},"author":1,"featured_media":0,"parent":0,"menu_order":0,"comment_status":"closed","ping_status":"closed","template":"templates\/page-builder.php","meta":[],"_links":{"self":[{"href":"https:\/\/mak-sivac-mermeri.com\/index.php\/wp-json\/wp\/v2\/pages\/1749"}],"collection":[{"href":"https:\/\/mak-sivac-mermeri.com\/index.php\/wp-json\/wp\/v2\/pages"}],"about":[{"href":"https:\/\/mak-sivac-mermeri.com\/index.php\/wp-json\/wp\/v2\/types\/page"}],"author":[{"embeddable":true,"href":"https:\/\/mak-sivac-mermeri.com\/index.php\/wp-json\/wp\/v2\/users\/1"}],"replies":[{"embeddable":true,"href":"https:\/\/mak-sivac-mermeri.com\/index.php\/wp-json\/wp\/v2\/comments?post=1749"}],"version-history":[{"count":29,"href":"https:\/\/mak-sivac-mermeri.com\/index.php\/wp-json\/wp\/v2\/pages\/1749\/revisions"}],"predecessor-version":[{"id":4256,"href":"https:\/\/mak-sivac-mermeri.com\/index.php\/wp-json\/wp\/v2\/pages\/1749\/revisions\/4256"}],"wp:attachment":[{"href":"https:\/\/mak-sivac-mermeri.com\/index.php\/wp-json\/wp\/v2\/media?parent=1749"}],"curies":[{"name":"wp","href":"https:\/\/api.w.org\/{rel}","templated":true}]}}