{"id":1833,"date":"2016-02-24T12:27:47","date_gmt":"2016-02-24T12:27:47","guid":{"rendered":"http:\/\/sktthemesdemo.net\/complete\/?page_id=1833"},"modified":"2022-04-16T09:24:36","modified_gmt":"2022-04-16T09:24:36","slug":"contact-layout-1","status":"publish","type":"page","link":"https:\/\/mak-sivac-mermeri.com\/index.php\/contact-layout-1\/","title":{"rendered":"KONTAKT"},"content":{"rendered":"<p>Unesite tra\u017eene podatke i javiti \u0107emo Vam se u \u0161to kra\u0107em vremenu.<\/p>\n<div role=\"form\" class=\"wpcf7\" id=\"wpcf7-f4057-o1\" lang=\"en-US\" dir=\"ltr\">\n<div class=\"screen-reader-response\"><p role=\"status\" aria-live=\"polite\" aria-atomic=\"true\"><\/p> <ul><\/ul><\/div>\n<form action=\"\/index.php\/wp-json\/wp\/v2\/pages\/1833#wpcf7-f4057-o1\" method=\"post\" class=\"wpcf7-form init\" novalidate=\"novalidate\" data-status=\"init\">\n<div style=\"display: none;\">\n<input type=\"hidden\" name=\"_wpcf7\" value=\"4057\" \/>\n<input type=\"hidden\" name=\"_wpcf7_version\" value=\"5.5.6\" \/>\n<input type=\"hidden\" name=\"_wpcf7_locale\" value=\"en_US\" \/>\n<input type=\"hidden\" name=\"_wpcf7_unit_tag\" value=\"wpcf7-f4057-o1\" \/>\n<input type=\"hidden\" name=\"_wpcf7_container_post\" value=\"0\" \/>\n<input type=\"hidden\" name=\"_wpcf7_posted_data_hash\" value=\"\" \/>\n<\/div>\n<p><label> Your Name (required)<br \/>\n    <span class=\"wpcf7-form-control-wrap your-name\"><input type=\"text\" name=\"your-name\" value=\"\" size=\"40\" class=\"wpcf7-form-control wpcf7-text wpcf7-validates-as-required\" aria-required=\"true\" aria-invalid=\"false\" \/><\/span> <\/label><\/p>\n<p><label> Your Email (required)<br \/>\n    <span class=\"wpcf7-form-control-wrap your-email\"><input type=\"email\" name=\"your-email\" value=\"\" size=\"40\" class=\"wpcf7-form-control wpcf7-text wpcf7-email wpcf7-validates-as-required wpcf7-validates-as-email\" aria-required=\"true\" aria-invalid=\"false\" \/><\/span> <\/label><\/p>\n<p><label> Subject<br \/>\n    <span class=\"wpcf7-form-control-wrap your-subject\"><input type=\"text\" name=\"your-subject\" value=\"\" size=\"40\" class=\"wpcf7-form-control wpcf7-text\" aria-invalid=\"false\" \/><\/span> <\/label><\/p>\n<p><label> Your Message<br \/>\n    <span class=\"wpcf7-form-control-wrap your-message\"><textarea name=\"your-message\" cols=\"40\" rows=\"10\" class=\"wpcf7-form-control wpcf7-textarea\" aria-invalid=\"false\"><\/textarea><\/span> <\/label><\/p>\n<p><input type=\"submit\" value=\"Send\" class=\"wpcf7-form-control has-spinner wpcf7-submit\" \/><\/p>\n<div class=\"wpcf7-response-output\" aria-hidden=\"true\"><\/div><\/form><\/div>\n    <!-- sktbuilder starter --><script type=\"text\/javascript\" src=\"https:\/\/mak-sivac-mermeri.com\/wp-content\/plugins\/skt-builder\/sktbuilder\/sktbuilder-frontend-starter.js\"><\/script><script type=\"text\/javascript\" src=\"https:\/\/mak-sivac-mermeri.com\/wp-content\/plugins\/skt-builder\/sktbuilder-wordpress-driver.js\"><\/script><script type=\"text\/javascript\"> var starter = new SktbuilderStarter({\"mode\": \"prod\", \"skip\":[\"jquery\",\"underscore\",\"backbone\"],\"sktbuilderUrl\": \"https:\/\/mak-sivac-mermeri.com\/wp-content\/plugins\/skt-builder\/sktbuilder\/\", \"driver\": new SktbuilderWordpressDriver({\"ajaxUrl\": \"https:\/\/mak-sivac-mermeri.com\/wp-admin\/admin-ajax.php\", \"iframeUrl\": \"https:\/\/mak-sivac-mermeri.com\/index.php\/contact-layout-1\/?sktbuilder=true\", \"pageId\": 1833, \"pages\": [], \"page\": \"KONTAKT\" }) });<\/script><!-- end sktbuilder starter -->","protected":false},"excerpt":{"rendered":"<p>Unesite tra\u017eene podatke i javiti \u0107emo Vam se u \u0161to kra\u0107em vremenu.<\/p>\n","protected":false},"author":1,"featured_media":0,"parent":0,"menu_order":0,"comment_status":"closed","ping_status":"closed","template":"templates\/contact-layout1.php","meta":[],"_links":{"self":[{"href":"https:\/\/mak-sivac-mermeri.com\/index.php\/wp-json\/wp\/v2\/pages\/1833"}],"collection":[{"href":"https:\/\/mak-sivac-mermeri.com\/index.php\/wp-json\/wp\/v2\/pages"}],"about":[{"href":"https:\/\/mak-sivac-mermeri.com\/index.php\/wp-json\/wp\/v2\/types\/page"}],"author":[{"embeddable":true,"href":"https:\/\/mak-sivac-mermeri.com\/index.php\/wp-json\/wp\/v2\/users\/1"}],"replies":[{"embeddable":true,"href":"https:\/\/mak-sivac-mermeri.com\/index.php\/wp-json\/wp\/v2\/comments?post=1833"}],"version-history":[{"count":3,"href":"https:\/\/mak-sivac-mermeri.com\/index.php\/wp-json\/wp\/v2\/pages\/1833\/revisions"}],"predecessor-version":[{"id":4196,"href":"https:\/\/mak-sivac-mermeri.com\/index.php\/wp-json\/wp\/v2\/pages\/1833\/revisions\/4196"}],"wp:attachment":[{"href":"https:\/\/mak-sivac-mermeri.com\/index.php\/wp-json\/wp\/v2\/media?parent=1833"}],"curies":[{"name":"wp","href":"https:\/\/api.w.org\/{rel}","templated":true}]}}