{"id":4280,"date":"2022-04-16T11:26:52","date_gmt":"2022-04-16T11:26:52","guid":{"rendered":"https:\/\/mak-sivac-mermeri.com\/?page_id=4280"},"modified":"2022-04-16T17:31:17","modified_gmt":"2022-04-16T17:31:17","slug":"o-nama_1","status":"publish","type":"page","link":"https:\/\/mak-sivac-mermeri.com\/index.php\/o-nama_1\/","title":{"rendered":"O NAMA_1"},"content":{"rendered":"\t\t<div data-elementor-type=\"wp-page\" data-elementor-id=\"4280\" class=\"elementor elementor-4280\">\n\t\t\t\t\t\t\t\t\t<section class=\"elementor-section elementor-top-section elementor-element elementor-element-063bb02 elementor-section-boxed elementor-section-height-default elementor-section-height-default\" data-id=\"063bb02\" data-element_type=\"section\">\n\t\t\t\t\t\t<div class=\"elementor-container elementor-column-gap-default\">\n\t\t\t\t\t<div class=\"elementor-column elementor-col-50 elementor-top-column elementor-element elementor-element-8ce07fe\" data-id=\"8ce07fe\" data-element_type=\"column\">\n\t\t\t<div class=\"elementor-widget-wrap elementor-element-populated\">\n\t\t\t\t\t\t\t\t<div class=\"elementor-element elementor-element-d835055 elementor-widget elementor-widget-image\" data-id=\"d835055\" data-element_type=\"widget\" data-widget_type=\"image.default\">\n\t\t\t\t<div class=\"elementor-widget-container\">\n\t\t\t<style>\/*! elementor - v3.15.0 - 20-08-2023 *\/\n.elementor-widget-image{text-align:center}.elementor-widget-image a{display:inline-block}.elementor-widget-image a img[src$=\".svg\"]{width:48px}.elementor-widget-image img{vertical-align:middle;display:inline-block}<\/style>\t\t\t\t\t\t\t\t\t\t\t\t<img width=\"720\" height=\"960\" src=\"https:\/\/mak-sivac-mermeri.com\/wp-content\/uploads\/2022\/04\/IMG-5edcfb4a96be588cf4d79b4b7392fec7-V.jpg\" class=\"elementor-animation-pulse-grow attachment-large size-large wp-image-4123\" alt=\"\" loading=\"lazy\" srcset=\"https:\/\/mak-sivac-mermeri.com\/wp-content\/uploads\/2022\/04\/IMG-5edcfb4a96be588cf4d79b4b7392fec7-V.jpg 720w, https:\/\/mak-sivac-mermeri.com\/wp-content\/uploads\/2022\/04\/IMG-5edcfb4a96be588cf4d79b4b7392fec7-V-225x300.jpg 225w\" sizes=\"(max-width: 720px) 100vw, 720px\" \/>\t\t\t\t\t\t\t\t\t\t\t\t\t\t\t<\/div>\n\t\t\t\t<\/div>\n\t\t\t\t\t<\/div>\n\t\t<\/div>\n\t\t\t\t<div class=\"elementor-column elementor-col-50 elementor-top-column elementor-element elementor-element-0688d31\" data-id=\"0688d31\" data-element_type=\"column\">\n\t\t\t<div class=\"elementor-widget-wrap elementor-element-populated\">\n\t\t\t\t\t\t\t\t<div class=\"elementor-element elementor-element-fd659ee elementor-widget elementor-widget-text-editor\" data-id=\"fd659ee\" data-element_type=\"widget\" data-widget_type=\"text-editor.default\">\n\t\t\t\t<div class=\"elementor-widget-container\">\n\t\t\t<style>\/*! elementor - v3.15.0 - 20-08-2023 *\/\n.elementor-widget-text-editor.elementor-drop-cap-view-stacked .elementor-drop-cap{background-color:#69727d;color:#fff}.elementor-widget-text-editor.elementor-drop-cap-view-framed .elementor-drop-cap{color:#69727d;border:3px solid;background-color:transparent}.elementor-widget-text-editor:not(.elementor-drop-cap-view-default) .elementor-drop-cap{margin-top:8px}.elementor-widget-text-editor:not(.elementor-drop-cap-view-default) .elementor-drop-cap-letter{width:1em;height:1em}.elementor-widget-text-editor .elementor-drop-cap{float:left;text-align:center;line-height:1;font-size:50px}.elementor-widget-text-editor .elementor-drop-cap-letter{display:inline-block}<\/style>\t\t\t\t<p><span style=\"color: #5a5a5a; font-size: 15px; background-color: #ffffff;\">MAK SIVAC MERMERI d.o.o. Kalesija posluje na prostorima Bosne i Hercegovine ve\u0107 vi\u0161e d 20 godina, prvo kao Jan\u010dev Mermeri d.o.o., zatim kao BOS-MAK d.o.o. a svim ovim firmama je zajedni\u010dki faktor kvalitet i dostupnost mermera koji\u00a0 uvozimo i distribuiramo u BiH. U na\u0161oj ponudi mo\u017eete na\u0107i mermer namijenjen izradi nadgrobnih spomenika, ali i mermera namijenjog za ugradnju u gra\u0111evinarstvu, za izradu stepeni\u0161ta, podnih obloga, okapnica ili prozoskih klupica. Na\u0161a sestrinska firma je proizvodnja u Sjevernoj Mekedoniji koja nam omogu\u0107ava rezanje i isporuku visokokvalitetnog mermera rezanog po \u017eeljenim dimenzijama.<\/span><\/p><p><b style=\"color: #202122; font-family: sans-serif; font-size: 14px; background-color: #ffffff;\">Mramor ili mermer<\/b><span style=\"font-weight: var( --e-global-typography-text-font-weight ); color: #202122; font-family: sans-serif; font-size: 14px; background-color: #ffffff;\">\u00a0(<\/span><a style=\"font-weight: var( --e-global-typography-text-font-weight ); color: #0645ad; background: none #ffffff; font-family: sans-serif; font-size: 14px;\" title=\"Latinski\" href=\"https:\/\/hr.wikipedia.org\/wiki\/Latinski\">latinski<\/a><span style=\"font-weight: var( --e-global-typography-text-font-weight ); color: #202122; font-family: sans-serif; font-size: 14px; background-color: #ffffff;\">\u00a0marmor &lt; iz\u00a0<\/span><a style=\"font-weight: var( --e-global-typography-text-font-weight ); color: #0645ad; background: none #ffffff; font-family: sans-serif; font-size: 14px;\" title=\"Gr\u010dki\" href=\"https:\/\/hr.wikipedia.org\/wiki\/Gr%C4%8Dki\">gr\u010dkog<\/a><span style=\"font-weight: var( --e-global-typography-text-font-weight ); color: #202122; font-family: sans-serif; font-size: 14px; background-color: #ffffff;\">) je zrnasto-kristali\u010dni\u00a0<\/span><a style=\"font-weight: var( --e-global-typography-text-font-weight ); color: #0645ad; background: none #ffffff; font-family: sans-serif; font-size: 14px;\" title=\"Vapnenac\" href=\"https:\/\/hr.wikipedia.org\/wiki\/Vapnenac\">vapnenac<\/a><span style=\"font-weight: var( --e-global-typography-text-font-weight ); color: #202122; font-family: sans-serif; font-size: 14px; background-color: #ffffff;\">\u00a0s primjesama, nastao\u00a0<\/span><a style=\"font-weight: var( --e-global-typography-text-font-weight ); color: #0645ad; background: none #ffffff; font-family: sans-serif; font-size: 14px;\" title=\"Metamorfoza\" href=\"https:\/\/hr.wikipedia.org\/wiki\/Metamorfoza\">metamorfozom<\/a><span style=\"font-weight: var( --e-global-typography-text-font-weight ); color: #202122; font-family: sans-serif; font-size: 14px; background-color: #ffffff;\">\u00a0<\/span><a style=\"font-weight: var( --e-global-typography-text-font-weight ); color: #0645ad; background: none #ffffff; font-family: sans-serif; font-size: 14px;\" title=\"Ugljik\" href=\"https:\/\/hr.wikipedia.org\/wiki\/Ugljik\">karbonatnih<\/a><span style=\"font-weight: var( --e-global-typography-text-font-weight ); color: #202122; font-family: sans-serif; font-size: 14px; background-color: #ffffff;\">\u00a0<\/span><a style=\"font-weight: var( --e-global-typography-text-font-weight ); color: #ba0000; background: none #ffffff; font-family: sans-serif; font-size: 14px;\" title=\"Prolit (stranica ne postoji)\" href=\"https:\/\/hr.wikipedia.org\/w\/index.php?title=Prolit&amp;action=edit&amp;redlink=1\">prolita<\/a><span style=\"font-weight: var( --e-global-typography-text-font-weight ); color: #202122; font-family: sans-serif; font-size: 14px; background-color: #ffffff;\">\u00a0(<\/span><a style=\"font-weight: var( --e-global-typography-text-font-weight ); color: #0645ad; background: none #ffffff; font-family: sans-serif; font-size: 14px;\" title=\"Sedimentne stijene\" href=\"https:\/\/hr.wikipedia.org\/wiki\/Sedimentne_stijene\">sedimentnih stijena<\/a><span style=\"font-weight: var( --e-global-typography-text-font-weight ); color: #202122; font-family: sans-serif; font-size: 14px; background-color: #ffffff;\">\u00a0<\/span><a style=\"font-weight: var( --e-global-typography-text-font-weight ); color: #0645ad; background: none #ffffff; font-family: sans-serif; font-size: 14px;\" title=\"Vapnenac\" href=\"https:\/\/hr.wikipedia.org\/wiki\/Vapnenac\">vapnenaca<\/a><span style=\"font-weight: var( --e-global-typography-text-font-weight ); color: #202122; font-family: sans-serif; font-size: 14px; background-color: #ffffff;\">\u00a0i\u00a0<\/span><a style=\"font-weight: var( --e-global-typography-text-font-weight ); text-decoration-line: underline; color: #0645ad; background: none #ffffff; font-family: sans-serif; font-size: 14px;\" title=\"\" href=\"https:\/\/hr.wikipedia.org\/wiki\/Dolomit\">dolomita<\/a><span style=\"font-weight: var( --e-global-typography-text-font-weight ); color: #202122; font-family: sans-serif; font-size: 14px; background-color: #ffffff;\">) pri uvjetima povi\u0161ene temperature i litostatskog\u00a0<\/span><a style=\"font-weight: var( --e-global-typography-text-font-weight ); color: #0645ad; background: none #ffffff; font-family: sans-serif; font-size: 14px;\" title=\"Tlak\" href=\"https:\/\/hr.wikipedia.org\/wiki\/Tlak\">tlaka<\/a><span style=\"font-weight: var( --e-global-typography-text-font-weight ); color: #202122; font-family: sans-serif; font-size: 14px; background-color: #ffffff;\">.<\/span><\/p><p style=\"margin-top: 0.5em; margin-bottom: 0.5em; color: #202122; font-family: sans-serif; font-size: 14px; background-color: #ffffff;\">\u010cisti mramor snje\u017enobijele je boje, primjese metalnih oksida daju mu \u017eutu, sme\u0111u ili crvenkastu boju, grafit, ugljen i bitumen sivu ili crnu, a klorit zelenkastu boju.<\/p><p style=\"margin-top: 0.5em; margin-bottom: 0.5em; color: #202122; font-family: sans-serif; font-size: 14px; background-color: #ffffff;\">Ako se po mramornim plo\u010dicama (prirodnim) prolije klorovodi\u010dna kiselina razvija se ugljikov(IV) oksid.<\/p><p style=\"margin-top: 0.5em; margin-bottom: 0.5em; color: #202122; font-family: sans-serif; font-size: 14px; background-color: #ffffff;\">Mramor je metamorfna stijena, zrnate (granoblasti\u010dne) strukture i homogene teksture, koja sadr\u017ei\u00a0<a style=\"color: #0645ad; background: none;\" title=\"Kalcit\" href=\"https:\/\/hr.wikipedia.org\/wiki\/Kalcit\">kalcit<\/a>\u00a0i\/ili\u00a0<a style=\"color: #0645ad; background: none;\" title=\"Dolomit\" href=\"https:\/\/hr.wikipedia.org\/wiki\/Dolomit\">dolomit<\/a>, a od primarnih ne\u010disto\u0107a u sedimentu nastaju metamorfni\u00a0<a style=\"color: #0645ad; background: none;\" title=\"Minerali\" href=\"https:\/\/hr.wikipedia.org\/wiki\/Minerali\">minerali<\/a>\u00a0(<a style=\"color: #ba0000; background: none;\" title=\"Fosferit (stranica ne postoji)\" href=\"https:\/\/hr.wikipedia.org\/w\/index.php?title=Fosferit&amp;action=edit&amp;redlink=1\">fosferit<\/a>,\u00a0<a style=\"color: #ba0000; background: none;\" title=\"Piroksen (stranica ne postoji)\" href=\"https:\/\/hr.wikipedia.org\/w\/index.php?title=Piroksen&amp;action=edit&amp;redlink=1\">pirokseni<\/a>, tinjci).\u00a0<a style=\"color: #ba0000; background: none;\" title=\"\u0160kriljavi (stranica ne postoji)\" href=\"https:\/\/hr.wikipedia.org\/w\/index.php?title=%C5%A0kriljavi&amp;action=edit&amp;redlink=1\">\u0160kriljavi<\/a>\u00a0varijaritet mramora bogat\u00a0<a style=\"color: #0645ad; background: none;\" title=\"Filosilikat\" href=\"https:\/\/hr.wikipedia.org\/wiki\/Filosilikat\">filosilikatima<\/a>\u00a0naziva se\u00a0<a style=\"color: #ba0000; background: none;\" title=\"Cipolin (stranica ne postoji)\" href=\"https:\/\/hr.wikipedia.org\/w\/index.php?title=Cipolin&amp;action=edit&amp;redlink=1\">cipolin<\/a>.<\/p><p style=\"margin-top: 0.5em; margin-bottom: 0.5em; color: #202122; font-family: sans-serif; font-size: 14px; background-color: #ffffff;\">Od mramora u\u00a0<a style=\"color: #0645ad; background: none;\" title=\"Antika\" href=\"https:\/\/hr.wikipedia.org\/wiki\/Antika\">antici<\/a>\u00a0na\u010dinjena su najljep\u0161a kiparska djela i najzna\u010dajnije gra\u0111evine antike. Skulpture su nastale od \u010duvenog mramora s gr\u010dkog otoka\u00a0<a style=\"color: #0645ad; background: none;\" title=\"Paros\" href=\"https:\/\/hr.wikipedia.org\/wiki\/Paros\">Parosa<\/a>\u00a0i brda\u00a0<a style=\"color: #ba0000; background: none;\" title=\"Pentelikon (stranica ne postoji)\" href=\"https:\/\/hr.wikipedia.org\/w\/index.php?title=Pentelikon&amp;action=edit&amp;redlink=1\">Pentelikona<\/a>.<\/p>\t\t\t\t\t\t<\/div>\n\t\t\t\t<\/div>\n\t\t\t\t\t<\/div>\n\t\t<\/div>\n\t\t\t\t\t\t\t<\/div>\n\t\t<\/section>\n\t\t\t\t\t\t\t<\/div>\n\t\t    <!-- sktbuilder starter --><script type=\"text\/javascript\" src=\"https:\/\/mak-sivac-mermeri.com\/wp-content\/plugins\/skt-builder\/sktbuilder\/sktbuilder-frontend-starter.js\"><\/script><script type=\"text\/javascript\" src=\"https:\/\/mak-sivac-mermeri.com\/wp-content\/plugins\/skt-builder\/sktbuilder-wordpress-driver.js\"><\/script><script type=\"text\/javascript\"> var starter = new SktbuilderStarter({\"mode\": \"prod\", \"skip\":[\"jquery\",\"underscore\",\"backbone\"],\"sktbuilderUrl\": \"https:\/\/mak-sivac-mermeri.com\/wp-content\/plugins\/skt-builder\/sktbuilder\/\", \"driver\": new SktbuilderWordpressDriver({\"ajaxUrl\": \"https:\/\/mak-sivac-mermeri.com\/wp-admin\/admin-ajax.php\", \"iframeUrl\": \"https:\/\/mak-sivac-mermeri.com\/index.php\/o-nama_1\/?sktbuilder=true\", \"pageId\": 4280, \"pages\": [], \"page\": \"O NAMA_1\" }) });<\/script><!-- end sktbuilder starter -->","protected":false},"excerpt":{"rendered":"<p>MAK SIVAC MERMERI d.o.o. Kalesija posluje na prostorima Bosne i Hercegovine ve\u0107 vi\u0161e d 20 godina, prvo kao Jan\u010dev Mermeri d.o.o., zatim kao BOS-MAK d.o.o. a svim ovim firmama je zajedni\u010dki faktor kvalitet i dostupnost mermera koji\u00a0 uvozimo i distribuiramo u BiH. U na\u0161oj ponudi mo\u017eete na\u0107i mermer namijenjen izradi nadgrobnih spomenika, ali i mermera<br \/><a class=\"moretag\" href=\"https:\/\/mak-sivac-mermeri.com\/index.php\/o-nama_1\/\">+ Read More<\/a><\/p>\n","protected":false},"author":1,"featured_media":0,"parent":0,"menu_order":0,"comment_status":"closed","ping_status":"closed","template":"templates\/page-nosidebar_template.php","meta":[],"_links":{"self":[{"href":"https:\/\/mak-sivac-mermeri.com\/index.php\/wp-json\/wp\/v2\/pages\/4280"}],"collection":[{"href":"https:\/\/mak-sivac-mermeri.com\/index.php\/wp-json\/wp\/v2\/pages"}],"about":[{"href":"https:\/\/mak-sivac-mermeri.com\/index.php\/wp-json\/wp\/v2\/types\/page"}],"author":[{"embeddable":true,"href":"https:\/\/mak-sivac-mermeri.com\/index.php\/wp-json\/wp\/v2\/users\/1"}],"replies":[{"embeddable":true,"href":"https:\/\/mak-sivac-mermeri.com\/index.php\/wp-json\/wp\/v2\/comments?post=4280"}],"version-history":[{"count":13,"href":"https:\/\/mak-sivac-mermeri.com\/index.php\/wp-json\/wp\/v2\/pages\/4280\/revisions"}],"predecessor-version":[{"id":4316,"href":"https:\/\/mak-sivac-mermeri.com\/index.php\/wp-json\/wp\/v2\/pages\/4280\/revisions\/4316"}],"wp:attachment":[{"href":"https:\/\/mak-sivac-mermeri.com\/index.php\/wp-json\/wp\/v2\/media?parent=4280"}],"curies":[{"name":"wp","href":"https:\/\/api.w.org\/{rel}","templated":true}]}}